{"id":313,"date":"2025-05-17T22:21:17","date_gmt":"2025-05-17T22:21:17","guid":{"rendered":"https:\/\/djmsound.es\/?page_id=313"},"modified":"2025-05-17T22:23:27","modified_gmt":"2025-05-17T22:23:27","slug":"aviso-legal","status":"publish","type":"page","link":"https:\/\/djmsound.es\/var\/www\/vhosts\/djmsound.eshttpdocs\/aviso-legal\/","title":{"rendered":"Aviso legal"},"content":{"rendered":"<h2><b>Aviso Legal<\/b><\/h2>\n<p>Raz\u00f3n social: <b data-var=\"NOMBRE\">Daniel Jordan Mu\u00f1oz <\/b><\/p>\n<p>CIF: <b data-var=\"IDENTIDAD\">20852539A<\/b><\/p>\n<p>Direcci\u00f3n: <b data-var=\"UBICACI\u00d3N\">C\/ SAN NICOLAU DE BARI 10, bajo, ALGEMES\u00cd, 46680, VALENCIA<\/b><\/p>\n<p>N\u00famero: <b data-var=\"MOVIL\">+34639037933<\/b><\/p>\n<p>Correo: <b data-var=\"EMAIL\">info@soundmusic.es<\/b><\/p>\n<p><b data-var=\"NOMBRE\">Daniel Jordan Mu\u00f1oz <\/b> se compromete a mantener este sitio web actualizado y preciso. Si, a pesar de todo, encontrara algo incorrecto o desactualizado, le agradecer\u00edamos que nos lo hiciera saber. Por favor, indique en qu\u00e9 parte del sitio web ha le\u00eddo la informaci\u00f3n. Entonces lo examinaremos lo antes posible. Por favor, env\u00ede su duda por correo electr\u00f3nico a: <b data-var=\"EMAIL\">info@soundmusic.es<\/b>.<\/p>\n<p>No nos hacemos responsables de la p\u00e9rdida como resultado de inexactitudes o incompletitud, ni de la p\u00e9rdida resultante de problemas causados por o inherentes a la difusi\u00f3n de informaci\u00f3n a trav\u00e9s de Internet, tales como disrupciones o interrupciones. Al utilizar formularios web, nos esforzamos por limitar al m\u00ednimo el n\u00famero de campos obligatorios. Por cualquier p\u00e9rdida sufrida como resultado del uso de datos, asesor\u00eda o ideas proporcionados por o en nombre de <b data-var=\"NOMBRE\">Daniel Jordan Mu\u00f1oz <\/b> a trav\u00e9s de este sitio web, <b data-var=\"NOMBRE\">Daniel Jordan Mu\u00f1oz <\/b> no acepta ninguna responsabilidad.<\/p>\n<p>Las respuestas y preguntas sobre privacidad enviadas por correo electr\u00f3nico o a trav\u00e9s de un formulario web ser\u00e1n tratadas de la misma manera que las cartas. Esto significa que puede esperar una respuesta de nosotros en un plazo de 1 mes como m\u00e1ximo. En el caso de solicitudes complejas, le informaremos en el plazo de 1 mes si necesitamos un m\u00e1ximo de 3 meses.<\/p>\n<p>Cualquier dato personal que nos proporcione en el contexto de su respuesta o solicitud de informaci\u00f3n s\u00f3lo se utilizar\u00e1 de acuerdo con nuestra declaraci\u00f3n de privacidad.<\/p>\n<p><b data-var=\"NOMBRE\">Daniel Jordan Mu\u00f1oz <\/b> debe hacer cada esfuerzo razonable para proteger sus sistemas contra cualquier forma de uso ilegal. <b data-var=\"NOMBRE\">Daniel Jordan Mu\u00f1oz <\/b>aplicar\u00e1n las medidas t\u00e9cnicas y organizativas adecuadas a tal fin, teniendo en cuenta, entre otras cosas, el estado actual de la t\u00e9cnica. No obstante, no se hace responsable de los perjuicios, directos y\/o indirectos, sufridos por el usuario de la p\u00e1gina web, que se deriven de la utilizaci\u00f3n il\u00edcita de sus sistemas por un tercero.<\/p>\n<p><b data-var=\"NOMBRE\">Daniel Jordan Mu\u00f1oz <\/b> no se hace responsable del contenido de las p\u00e1ginas web a las que se hace referencia mediante hiperv\u00ednculos u otras referencias. Los productos o servicios ofrecidos por terceros estar\u00e1n sujetos a los t\u00e9rminos y condiciones aplicables de dichos terceros.<\/p>\n<p>Nuestros empleados har\u00e1n todo lo posible para garantizar la accesibilidad de nuestra p\u00e1gina web y para mejorarla continuamente. Incluyendo para personas que usan software especial debido a una discapacidad.<\/p>\n<p>Este sitio web est\u00e1 construido de acuerdo con las pautas de nivel AA WCAG 2.1. Estas pautas son acuerdos internacionalmente reconocidos sobre accesibilidad, sostenibilidad, intercambiabilidad y facilidad de b\u00fasqueda de sitios web.<\/p>\n<p>Todos los derechos de propiedad intelectual sobre el contenido de este sitio web pertenecen a terceros que han colocado el contenido ellos mismos o de quienes <b data-var=\"NOMBRE\">Daniel Jordan Mu\u00f1oz <\/b> ha obtenido una licencia de usuario.<\/p>\n<p>La copia, difusi\u00f3n y cualquier otro uso de estos materiales no est\u00e1 permitido sin el permiso escrito de <b data-var=\"NOMBRE\">Daniel Jordan Mu\u00f1oz <\/b>, excepto y s\u00f3lo en la medida en que se estipule lo contrario en los reglamentos de la ley obligatoria (como el derecho a cotizar), a menos que el contenido espec\u00edfico dicte lo contrario.<\/p>\n<p>Si tiene alguna pregunta o problema con la accesibilidad del sitio web, no dude en ponerse en contacto con nosotros.<\/p>\n","protected":false},"excerpt":{"rendered":"<p>Aviso Legal Raz\u00f3n social: Daniel Jordan Mu\u00f1oz CIF: 20852539A Direcci\u00f3n: C\/ SAN NICOLAU DE BARI 10, bajo, ALGEMES\u00cd, 46680, VALENCIA N\u00famero: +34639037933 Correo: info@soundmusic.es Daniel Jordan Mu\u00f1oz se compromete a mantener este sitio web actualizado y preciso. Si, a pesar de todo, encontrara algo incorrecto o desactualizado, le agradecer\u00edamos que nos lo hiciera saber. Por [&hellip;]<\/p>\n","protected":false},"author":3,"featured_media":0,"parent":0,"menu_order":0,"comment_status":"closed","ping_status":"closed","template":"","meta":{"footnotes":""},"class_list":["post-313","page","type-page","status-publish","hentry"],"yoast_head":"<!-- This site is optimized with the Yoast SEO plugin v25.7 - https:\/\/yoast.com\/wordpress\/plugins\/seo\/ -->\n<title>Aviso legal - djmsound<\/title>\n<meta name=\"robots\" content=\"noindex, follow\" \/>\n<meta property=\"og:locale\" content=\"es_ES\" \/>\n<meta property=\"og:type\" content=\"article\" \/>\n<meta property=\"og:title\" content=\"Aviso legal - djmsound\" \/>\n<meta property=\"og:description\" content=\"Aviso Legal Raz\u00f3n social: Daniel Jordan Mu\u00f1oz CIF: 20852539A Direcci\u00f3n: C\/ SAN NICOLAU DE BARI 10, bajo, ALGEMES\u00cd, 46680, VALENCIA N\u00famero: +34639037933 Correo: info@soundmusic.es Daniel Jordan Mu\u00f1oz se compromete a mantener este sitio web actualizado y preciso. Si, a pesar de todo, encontrara algo incorrecto o desactualizado, le agradecer\u00edamos que nos lo hiciera saber. Por [&hellip;]\" \/>\n<meta property=\"og:url\" content=\"https:\/\/djmsound.es\/aviso-legal\/\" \/>\n<meta property=\"og:site_name\" content=\"djmsound\" \/>\n<meta property=\"article:modified_time\" content=\"2025-05-17T22:23:27+00:00\" \/>\n<meta name=\"twitter:card\" content=\"summary_large_image\" \/>\n<meta name=\"twitter:label1\" content=\"Tiempo de lectura\" \/>\n\t<meta name=\"twitter:data1\" content=\"3 minutos\" \/>\n<script type=\"application\/ld+json\" class=\"yoast-schema-graph\">{\"@context\":\"https:\/\/schema.org\",\"@graph\":[{\"@type\":\"WebPage\",\"@id\":\"https:\/\/djmsound.es\/aviso-legal\/\",\"url\":\"https:\/\/djmsound.es\/aviso-legal\/\",\"name\":\"Aviso legal - djmsound\",\"isPartOf\":{\"@id\":\"https:\/\/djmsound.es\/#website\"},\"datePublished\":\"2025-05-17T22:21:17+00:00\",\"dateModified\":\"2025-05-17T22:23:27+00:00\",\"breadcrumb\":{\"@id\":\"https:\/\/djmsound.es\/aviso-legal\/#breadcrumb\"},\"inLanguage\":\"es\",\"potentialAction\":[{\"@type\":\"ReadAction\",\"target\":[\"https:\/\/djmsound.es\/aviso-legal\/\"]}]},{\"@type\":\"BreadcrumbList\",\"@id\":\"https:\/\/djmsound.es\/aviso-legal\/#breadcrumb\",\"itemListElement\":[{\"@type\":\"ListItem\",\"position\":1,\"name\":\"Portada\",\"item\":\"https:\/\/djmsound.es\/\"},{\"@type\":\"ListItem\",\"position\":2,\"name\":\"Aviso legal\"}]},{\"@type\":\"WebSite\",\"@id\":\"https:\/\/djmsound.es\/#website\",\"url\":\"https:\/\/djmsound.es\/\",\"name\":\"djmsound\",\"description\":\"\",\"potentialAction\":[{\"@type\":\"SearchAction\",\"target\":{\"@type\":\"EntryPoint\",\"urlTemplate\":\"https:\/\/djmsound.es\/?s={search_term_string}\"},\"query-input\":{\"@type\":\"PropertyValueSpecification\",\"valueRequired\":true,\"valueName\":\"search_term_string\"}}],\"inLanguage\":\"es\"}]}<\/script>\n<!-- \/ Yoast SEO plugin. -->","yoast_head_json":{"title":"Aviso legal - djmsound","robots":{"index":"noindex","follow":"follow"},"og_locale":"es_ES","og_type":"article","og_title":"Aviso legal - djmsound","og_description":"Aviso Legal Raz\u00f3n social: Daniel Jordan Mu\u00f1oz CIF: 20852539A Direcci\u00f3n: C\/ SAN NICOLAU DE BARI 10, bajo, ALGEMES\u00cd, 46680, VALENCIA N\u00famero: +34639037933 Correo: info@soundmusic.es Daniel Jordan Mu\u00f1oz se compromete a mantener este sitio web actualizado y preciso. Si, a pesar de todo, encontrara algo incorrecto o desactualizado, le agradecer\u00edamos que nos lo hiciera saber. Por [&hellip;]","og_url":"https:\/\/djmsound.es\/aviso-legal\/","og_site_name":"djmsound","article_modified_time":"2025-05-17T22:23:27+00:00","twitter_card":"summary_large_image","twitter_misc":{"Tiempo de lectura":"3 minutos"},"schema":{"@context":"https:\/\/schema.org","@graph":[{"@type":"WebPage","@id":"https:\/\/djmsound.es\/aviso-legal\/","url":"https:\/\/djmsound.es\/aviso-legal\/","name":"Aviso legal - djmsound","isPartOf":{"@id":"https:\/\/djmsound.es\/#website"},"datePublished":"2025-05-17T22:21:17+00:00","dateModified":"2025-05-17T22:23:27+00:00","breadcrumb":{"@id":"https:\/\/djmsound.es\/aviso-legal\/#breadcrumb"},"inLanguage":"es","potentialAction":[{"@type":"ReadAction","target":["https:\/\/djmsound.es\/aviso-legal\/"]}]},{"@type":"BreadcrumbList","@id":"https:\/\/djmsound.es\/aviso-legal\/#breadcrumb","itemListElement":[{"@type":"ListItem","position":1,"name":"Portada","item":"https:\/\/djmsound.es\/"},{"@type":"ListItem","position":2,"name":"Aviso legal"}]},{"@type":"WebSite","@id":"https:\/\/djmsound.es\/#website","url":"https:\/\/djmsound.es\/","name":"djmsound","description":"","potentialAction":[{"@type":"SearchAction","target":{"@type":"EntryPoint","urlTemplate":"https:\/\/djmsound.es\/?s={search_term_string}"},"query-input":{"@type":"PropertyValueSpecification","valueRequired":true,"valueName":"search_term_string"}}],"inLanguage":"es"}]}},"_links":{"self":[{"href":"https:\/\/djmsound.es\/var\/www\/vhosts\/djmsound.eshttpdocs\/wp-json\/wp\/v2\/pages\/313","targetHints":{"allow":["GET"]}}],"collection":[{"href":"https:\/\/djmsound.es\/var\/www\/vhosts\/djmsound.eshttpdocs\/wp-json\/wp\/v2\/pages"}],"about":[{"href":"https:\/\/djmsound.es\/var\/www\/vhosts\/djmsound.eshttpdocs\/wp-json\/wp\/v2\/types\/page"}],"author":[{"embeddable":true,"href":"https:\/\/djmsound.es\/var\/www\/vhosts\/djmsound.eshttpdocs\/wp-json\/wp\/v2\/users\/3"}],"replies":[{"embeddable":true,"href":"https:\/\/djmsound.es\/var\/www\/vhosts\/djmsound.eshttpdocs\/wp-json\/wp\/v2\/comments?post=313"}],"version-history":[{"count":4,"href":"https:\/\/djmsound.es\/var\/www\/vhosts\/djmsound.eshttpdocs\/wp-json\/wp\/v2\/pages\/313\/revisions"}],"predecessor-version":[{"id":322,"href":"https:\/\/djmsound.es\/var\/www\/vhosts\/djmsound.eshttpdocs\/wp-json\/wp\/v2\/pages\/313\/revisions\/322"}],"wp:attachment":[{"href":"https:\/\/djmsound.es\/var\/www\/vhosts\/djmsound.eshttpdocs\/wp-json\/wp\/v2\/media?parent=313"}],"curies":[{"name":"wp","href":"https:\/\/api.w.org\/{rel}","templated":true}]}}