{"id":269,"date":"2025-05-17T20:51:38","date_gmt":"2025-05-17T20:51:38","guid":{"rendered":"https:\/\/djmsound.es\/?page_id=269"},"modified":"2025-05-17T21:19:38","modified_gmt":"2025-05-17T21:19:38","slug":"galeria","status":"publish","type":"page","link":"https:\/\/djmsound.es\/var\/www\/vhosts\/djmsound.eshttpdocs\/galeria\/","title":{"rendered":"Galer\u00eda"},"content":{"rendered":"<h2>Galeria de imagenes<\/h2>\n<h2>Capturando mejores momentos<\/h2>\n<p>Nos enorgullece ser testigos y crear recuerdos inolvidables en cada celebraci\u00f3n. \u00a1Revive esos instantes especiales y d\u00e9jate llevar por la emoci\u00f3n a trav\u00e9s de estas im\u00e1genes que capturan la esencia de los buenos momentos<\/p>\n<p>\t\t\t\t\t\t\t<a href=\"http:\/\/djmsound.es\/var\/www\/vhosts\/djmsound.eshttpdocs\/wp-content\/uploads\/2025\/05\/WhatsApp-Image-2024-08-13-at-21.24.45-2.jpeg\" data-elementor-open-lightbox=\"yes\" data-elementor-lightbox-slideshow=\"91d56d2\" data-elementor-lightbox-title=\"WhatsApp-Image-2024-08-13-at-21.24.45-2.jpeg\" data-e-action-hash=\"#elementor-action%3Aaction%3Dlightbox%26settings%3DeyJpZCI6NDIsInVybCI6Imh0dHA6XC9cL2RqbXNvdW5kLmVzXC93cC1jb250ZW50XC91cGxvYWRzXC8yMDI1XC8wNVwvV2hhdHNBcHAtSW1hZ2UtMjAyNC0wOC0xMy1hdC0yMS4yNC40NS0yLmpwZWciLCJzbGlkZXNob3ciOiI5MWQ1NmQyIn0%3D\"><br \/>\n\t\t\t\t\t\t\t\t\t\t\t\t\t\t<\/a><br \/>\n\t\t\t\t\t\t\t<a href=\"http:\/\/djmsound.es\/var\/www\/vhosts\/djmsound.eshttpdocs\/wp-content\/uploads\/2025\/05\/WhatsApp-Image-2024-11-15-at-13.49.36.jpeg\" data-elementor-open-lightbox=\"yes\" data-elementor-lightbox-slideshow=\"91d56d2\" data-elementor-lightbox-title=\"WhatsApp-Image-2024-11-15-at-13.49.36.jpeg\" data-e-action-hash=\"#elementor-action%3Aaction%3Dlightbox%26settings%3DeyJpZCI6NDMsInVybCI6Imh0dHA6XC9cL2RqbXNvdW5kLmVzXC93cC1jb250ZW50XC91cGxvYWRzXC8yMDI1XC8wNVwvV2hhdHNBcHAtSW1hZ2UtMjAyNC0xMS0xNS1hdC0xMy40OS4zNi5qcGVnIiwic2xpZGVzaG93IjoiOTFkNTZkMiJ9\"><br \/>\n\t\t\t\t\t\t\t\t\t\t\t\t\t\t<\/a><br \/>\n\t\t\t\t\t\t\t<a href=\"http:\/\/djmsound.es\/var\/www\/vhosts\/djmsound.eshttpdocs\/wp-content\/uploads\/2025\/05\/55.jpg\" data-elementor-open-lightbox=\"yes\" data-elementor-lightbox-slideshow=\"91d56d2\" data-elementor-lightbox-title=\"55.jpg\" data-e-action-hash=\"#elementor-action%3Aaction%3Dlightbox%26settings%3DeyJpZCI6NDQsInVybCI6Imh0dHA6XC9cL2RqbXNvdW5kLmVzXC93cC1jb250ZW50XC91cGxvYWRzXC8yMDI1XC8wNVwvNTUuanBnIiwic2xpZGVzaG93IjoiOTFkNTZkMiJ9\"><br \/>\n\t\t\t\t\t\t\t\t\t\t\t\t\t\t<\/a><br \/>\n\t\t\t\t\t\t\t<a href=\"http:\/\/djmsound.es\/var\/www\/vhosts\/djmsound.eshttpdocs\/wp-content\/uploads\/2025\/05\/22.jpg\" data-elementor-open-lightbox=\"yes\" data-elementor-lightbox-slideshow=\"91d56d2\" data-elementor-lightbox-title=\"22.jpg\" data-e-action-hash=\"#elementor-action%3Aaction%3Dlightbox%26settings%3DeyJpZCI6NDUsInVybCI6Imh0dHA6XC9cL2RqbXNvdW5kLmVzXC93cC1jb250ZW50XC91cGxvYWRzXC8yMDI1XC8wNVwvMjIuanBnIiwic2xpZGVzaG93IjoiOTFkNTZkMiJ9\"><br \/>\n\t\t\t\t\t\t\t\t\t\t\t\t\t\t<\/a><br \/>\n\t\t\t\t\t\t\t<a href=\"http:\/\/djmsound.es\/var\/www\/vhosts\/djmsound.eshttpdocs\/wp-content\/uploads\/2025\/05\/WhatsApp-Image-2024-11-15-at-13.49.35-2.jpeg\" data-elementor-open-lightbox=\"yes\" data-elementor-lightbox-slideshow=\"91d56d2\" data-elementor-lightbox-title=\"WhatsApp-Image-2024-11-15-at-13.49.35-2.jpeg\" data-e-action-hash=\"#elementor-action%3Aaction%3Dlightbox%26settings%3DeyJpZCI6MzksInVybCI6Imh0dHA6XC9cL2RqbXNvdW5kLmVzXC93cC1jb250ZW50XC91cGxvYWRzXC8yMDI1XC8wNVwvV2hhdHNBcHAtSW1hZ2UtMjAyNC0xMS0xNS1hdC0xMy40OS4zNS0yLmpwZWciLCJzbGlkZXNob3ciOiI5MWQ1NmQyIn0%3D\"><br \/>\n\t\t\t\t\t\t\t\t\t\t\t\t\t\t<\/a><br \/>\n\t\t\t\t\t\t\t<a href=\"http:\/\/djmsound.es\/var\/www\/vhosts\/djmsound.eshttpdocs\/wp-content\/uploads\/2025\/05\/11.jpg\" data-elementor-open-lightbox=\"yes\" data-elementor-lightbox-slideshow=\"91d56d2\" data-elementor-lightbox-title=\"11.jpg\" data-e-action-hash=\"#elementor-action%3Aaction%3Dlightbox%26settings%3DeyJpZCI6NDYsInVybCI6Imh0dHA6XC9cL2RqbXNvdW5kLmVzXC93cC1jb250ZW50XC91cGxvYWRzXC8yMDI1XC8wNVwvMTEuanBnIiwic2xpZGVzaG93IjoiOTFkNTZkMiJ9\"><br \/>\n\t\t\t\t\t\t\t\t\t\t\t\t\t\t<\/a><br \/>\n\t\t\t\t\t\t\t<a href=\"http:\/\/djmsound.es\/var\/www\/vhosts\/djmsound.eshttpdocs\/wp-content\/uploads\/2025\/05\/66.jpg\" data-elementor-open-lightbox=\"yes\" data-elementor-lightbox-slideshow=\"91d56d2\" data-elementor-lightbox-title=\"66.jpg\" data-e-action-hash=\"#elementor-action%3Aaction%3Dlightbox%26settings%3DeyJpZCI6NzcsInVybCI6Imh0dHA6XC9cL2RqbXNvdW5kLmVzXC93cC1jb250ZW50XC91cGxvYWRzXC8yMDI1XC8wNVwvNjYuanBnIiwic2xpZGVzaG93IjoiOTFkNTZkMiJ9\"><br \/>\n\t\t\t\t\t\t\t\t\t\t\t\t\t\t<\/a><br \/>\n\t\t\t\t\t\t\t<a href=\"http:\/\/djmsound.es\/var\/www\/vhosts\/djmsound.eshttpdocs\/wp-content\/uploads\/2025\/05\/novios-hora-loca-1.jpeg\" data-elementor-open-lightbox=\"yes\" data-elementor-lightbox-slideshow=\"91d56d2\" data-elementor-lightbox-title=\"novios-hora-loca-1.jpeg\" data-e-action-hash=\"#elementor-action%3Aaction%3Dlightbox%26settings%3DeyJpZCI6NDcsInVybCI6Imh0dHA6XC9cL2RqbXNvdW5kLmVzXC93cC1jb250ZW50XC91cGxvYWRzXC8yMDI1XC8wNVwvbm92aW9zLWhvcmEtbG9jYS0xLmpwZWciLCJzbGlkZXNob3ciOiI5MWQ1NmQyIn0%3D\"><br \/>\n\t\t\t\t\t\t\t\t\t\t\t\t\t\t<\/a><br \/>\n\t\t\t\t\t\t\t<a href=\"http:\/\/djmsound.es\/var\/www\/vhosts\/djmsound.eshttpdocs\/wp-content\/uploads\/2025\/05\/mas-fiesta-sound-music-1.jpeg\" data-elementor-open-lightbox=\"yes\" data-elementor-lightbox-slideshow=\"91d56d2\" data-elementor-lightbox-title=\"mas-fiesta-sound-music-1.jpeg\" data-e-action-hash=\"#elementor-action%3Aaction%3Dlightbox%26settings%3DeyJpZCI6NDgsInVybCI6Imh0dHA6XC9cL2RqbXNvdW5kLmVzXC93cC1jb250ZW50XC91cGxvYWRzXC8yMDI1XC8wNVwvbWFzLWZpZXN0YS1zb3VuZC1tdXNpYy0xLmpwZWciLCJzbGlkZXNob3ciOiI5MWQ1NmQyIn0%3D\"><br \/>\n\t\t\t\t\t\t\t\t\t\t\t\t\t\t<\/a><br \/>\n\t\t\t\t\t\t\t<a href=\"http:\/\/djmsound.es\/var\/www\/vhosts\/djmsound.eshttpdocs\/wp-content\/uploads\/2025\/05\/fiesta-sound-music.jpeg\" data-elementor-open-lightbox=\"yes\" data-elementor-lightbox-slideshow=\"91d56d2\" data-elementor-lightbox-title=\"fiesta-sound-music.jpeg\" data-e-action-hash=\"#elementor-action%3Aaction%3Dlightbox%26settings%3DeyJpZCI6NDksInVybCI6Imh0dHA6XC9cL2RqbXNvdW5kLmVzXC93cC1jb250ZW50XC91cGxvYWRzXC8yMDI1XC8wNVwvZmllc3RhLXNvdW5kLW11c2ljLmpwZWciLCJzbGlkZXNob3ciOiI5MWQ1NmQyIn0%3D\"><br \/>\n\t\t\t\t\t\t\t\t\t\t\t\t\t\t<\/a><br \/>\n\t\t\t\t\t\t\t<a href=\"http:\/\/djmsound.es\/var\/www\/vhosts\/djmsound.eshttpdocs\/wp-content\/uploads\/2025\/05\/baile-nupcial.jpg\" data-elementor-open-lightbox=\"yes\" data-elementor-lightbox-slideshow=\"91d56d2\" data-elementor-lightbox-title=\"baile-nupcial.jpg\" data-e-action-hash=\"#elementor-action%3Aaction%3Dlightbox%26settings%3DeyJpZCI6NDEsInVybCI6Imh0dHA6XC9cL2RqbXNvdW5kLmVzXC93cC1jb250ZW50XC91cGxvYWRzXC8yMDI1XC8wNVwvYmFpbGUtbnVwY2lhbC5qcGciLCJzbGlkZXNob3ciOiI5MWQ1NmQyIn0%3D\"><br \/>\n\t\t\t\t\t\t\t\t\t\t\t\t\t\t<\/a><br \/>\n\t\t\t\t\t\t\t<a href=\"http:\/\/djmsound.es\/var\/www\/vhosts\/djmsound.eshttpdocs\/wp-content\/uploads\/2025\/05\/CEREMONIA.jpg\" data-elementor-open-lightbox=\"yes\" data-elementor-lightbox-slideshow=\"91d56d2\" data-elementor-lightbox-title=\"CEREMONIA.jpg\" data-e-action-hash=\"#elementor-action%3Aaction%3Dlightbox%26settings%3DeyJpZCI6NTAsInVybCI6Imh0dHA6XC9cL2RqbXNvdW5kLmVzXC93cC1jb250ZW50XC91cGxvYWRzXC8yMDI1XC8wNVwvQ0VSRU1PTklBLmpwZyIsInNsaWRlc2hvdyI6IjkxZDU2ZDIifQ%3D%3D\"><br \/>\n\t\t\t\t\t\t\t\t\t\t\t\t\t\t<\/a><br \/>\n\t\t\t\t\t\t\t<a href=\"http:\/\/djmsound.es\/var\/www\/vhosts\/djmsound.eshttpdocs\/wp-content\/uploads\/2025\/05\/discomovil-pantallas.jpeg\" data-elementor-open-lightbox=\"yes\" data-elementor-lightbox-slideshow=\"91d56d2\" data-elementor-lightbox-title=\"discomovil-pantallas.jpeg\" data-e-action-hash=\"#elementor-action%3Aaction%3Dlightbox%26settings%3DeyJpZCI6NTEsInVybCI6Imh0dHA6XC9cL2RqbXNvdW5kLmVzXC93cC1jb250ZW50XC91cGxvYWRzXC8yMDI1XC8wNVwvZGlzY29tb3ZpbC1wYW50YWxsYXMuanBlZyIsInNsaWRlc2hvdyI6IjkxZDU2ZDIifQ%3D%3D\"><br \/>\n\t\t\t\t\t\t\t\t\t\t\t\t\t\t<\/a><br \/>\n\t\t\t\t\t\t\t<a href=\"http:\/\/djmsound.es\/var\/www\/vhosts\/djmsound.eshttpdocs\/wp-content\/uploads\/2025\/05\/discomovil-pantalla-1-scaled-1.jpg\" data-elementor-open-lightbox=\"yes\" data-elementor-lightbox-slideshow=\"91d56d2\" data-elementor-lightbox-title=\"discomovil-pantalla-1-scaled.jpg\" data-e-action-hash=\"#elementor-action%3Aaction%3Dlightbox%26settings%3DeyJpZCI6NTIsInVybCI6Imh0dHA6XC9cL2RqbXNvdW5kLmVzXC93cC1jb250ZW50XC91cGxvYWRzXC8yMDI1XC8wNVwvZGlzY29tb3ZpbC1wYW50YWxsYS0xLXNjYWxlZC0xLmpwZyIsInNsaWRlc2hvdyI6IjkxZDU2ZDIifQ%3D%3D\"><br \/>\n\t\t\t\t\t\t\t\t\t\t\t\t\t\t<\/a><br \/>\n\t\t\t\t\t\t\t<a href=\"http:\/\/djmsound.es\/var\/www\/vhosts\/djmsound.eshttpdocs\/wp-content\/uploads\/2025\/05\/DSC6467_Nero-AI_Compress-scaled-1.jpg\" data-elementor-open-lightbox=\"yes\" data-elementor-lightbox-slideshow=\"91d56d2\" data-elementor-lightbox-title=\"DSC6467_Nero-AI_Compress-scaled.jpg\" data-e-action-hash=\"#elementor-action%3Aaction%3Dlightbox%26settings%3DeyJpZCI6NTMsInVybCI6Imh0dHA6XC9cL2RqbXNvdW5kLmVzXC93cC1jb250ZW50XC91cGxvYWRzXC8yMDI1XC8wNVwvRFNDNjQ2N19OZXJvLUFJX0NvbXByZXNzLXNjYWxlZC0xLmpwZyIsInNsaWRlc2hvdyI6IjkxZDU2ZDIifQ%3D%3D\"><br \/>\n\t\t\t\t\t\t\t\t\t\t\t\t\t\t<\/a><br \/>\n\t\t\t\t\t\t\t<a href=\"http:\/\/djmsound.es\/var\/www\/vhosts\/djmsound.eshttpdocs\/wp-content\/uploads\/2025\/05\/DSC6459_Nero-AI_Compress-scaled-1.jpg\" data-elementor-open-lightbox=\"yes\" data-elementor-lightbox-slideshow=\"91d56d2\" data-elementor-lightbox-title=\"DSC6459_Nero-AI_Compress-scaled.jpg\" data-e-action-hash=\"#elementor-action%3Aaction%3Dlightbox%26settings%3DeyJpZCI6NTQsInVybCI6Imh0dHA6XC9cL2RqbXNvdW5kLmVzXC93cC1jb250ZW50XC91cGxvYWRzXC8yMDI1XC8wNVwvRFNDNjQ1OV9OZXJvLUFJX0NvbXByZXNzLXNjYWxlZC0xLmpwZyIsInNsaWRlc2hvdyI6IjkxZDU2ZDIifQ%3D%3D\"><br \/>\n\t\t\t\t\t\t\t\t\t\t\t\t\t\t<\/a><br \/>\n\t\t\t\t\t\t\t<a href=\"http:\/\/djmsound.es\/var\/www\/vhosts\/djmsound.eshttpdocs\/wp-content\/uploads\/2025\/05\/WhatsApp-Image-2024-08-13-at-21.24.46-1.jpeg\" data-elementor-open-lightbox=\"yes\" data-elementor-lightbox-slideshow=\"91d56d2\" data-elementor-lightbox-title=\"WhatsApp-Image-2024-08-13-at-21.24.46-1.jpeg\" data-e-action-hash=\"#elementor-action%3Aaction%3Dlightbox%26settings%3DeyJpZCI6NTUsInVybCI6Imh0dHA6XC9cL2RqbXNvdW5kLmVzXC93cC1jb250ZW50XC91cGxvYWRzXC8yMDI1XC8wNVwvV2hhdHNBcHAtSW1hZ2UtMjAyNC0wOC0xMy1hdC0yMS4yNC40Ni0xLmpwZWciLCJzbGlkZXNob3ciOiI5MWQ1NmQyIn0%3D\"><br \/>\n\t\t\t\t\t\t\t\t\t\t\t\t\t\t<\/a><br \/>\n\t\t\t\t\t\t\t<a href=\"http:\/\/djmsound.es\/var\/www\/vhosts\/djmsound.eshttpdocs\/wp-content\/uploads\/2025\/05\/WhatsApp-Image-2024-08-13-at-21.24.44.jpeg\" data-elementor-open-lightbox=\"yes\" data-elementor-lightbox-slideshow=\"91d56d2\" data-elementor-lightbox-title=\"WhatsApp-Image-2024-08-13-at-21.24.44.jpeg\" data-e-action-hash=\"#elementor-action%3Aaction%3Dlightbox%26settings%3DeyJpZCI6NTYsInVybCI6Imh0dHA6XC9cL2RqbXNvdW5kLmVzXC93cC1jb250ZW50XC91cGxvYWRzXC8yMDI1XC8wNVwvV2hhdHNBcHAtSW1hZ2UtMjAyNC0wOC0xMy1hdC0yMS4yNC40NC5qcGVnIiwic2xpZGVzaG93IjoiOTFkNTZkMiJ9\"><br \/>\n\t\t\t\t\t\t\t\t\t\t\t\t\t\t<\/a><br \/>\n\t\t\t\t\t\t\t<a href=\"http:\/\/djmsound.es\/var\/www\/vhosts\/djmsound.eshttpdocs\/wp-content\/uploads\/2025\/05\/Bodas_21-09-2024-42-scaled-1.jpg\" data-elementor-open-lightbox=\"yes\" data-elementor-lightbox-slideshow=\"91d56d2\" data-elementor-lightbox-title=\"Bodas_21-09-2024-42-scaled.jpg\" data-e-action-hash=\"#elementor-action%3Aaction%3Dlightbox%26settings%3DeyJpZCI6NTcsInVybCI6Imh0dHA6XC9cL2RqbXNvdW5kLmVzXC93cC1jb250ZW50XC91cGxvYWRzXC8yMDI1XC8wNVwvQm9kYXNfMjEtMDktMjAyNC00Mi1zY2FsZWQtMS5qcGciLCJzbGlkZXNob3ciOiI5MWQ1NmQyIn0%3D\"><br \/>\n\t\t\t\t\t\t\t\t\t\t\t\t\t\t<\/a><br \/>\n\t\t\t\t\t\t\t<a href=\"http:\/\/djmsound.es\/var\/www\/vhosts\/djmsound.eshttpdocs\/wp-content\/uploads\/2025\/05\/Bodas_21-09-2024-45-scaled-1.jpg\" data-elementor-open-lightbox=\"yes\" data-elementor-lightbox-slideshow=\"91d56d2\" data-elementor-lightbox-title=\"Bodas_21-09-2024-45-scaled.jpg\" data-e-action-hash=\"#elementor-action%3Aaction%3Dlightbox%26settings%3DeyJpZCI6NTgsInVybCI6Imh0dHA6XC9cL2RqbXNvdW5kLmVzXC93cC1jb250ZW50XC91cGxvYWRzXC8yMDI1XC8wNVwvQm9kYXNfMjEtMDktMjAyNC00NS1zY2FsZWQtMS5qcGciLCJzbGlkZXNob3ciOiI5MWQ1NmQyIn0%3D\"><br \/>\n\t\t\t\t\t\t\t\t\t\t\t\t\t\t<\/a><br \/>\n\t\t\t\t\t\t\t<a href=\"http:\/\/djmsound.es\/var\/www\/vhosts\/djmsound.eshttpdocs\/wp-content\/uploads\/2025\/05\/Bodas_21-09-2024-52-scaled-1.jpg\" data-elementor-open-lightbox=\"yes\" data-elementor-lightbox-slideshow=\"91d56d2\" data-elementor-lightbox-title=\"Bodas_21-09-2024-52-scaled.jpg\" data-e-action-hash=\"#elementor-action%3Aaction%3Dlightbox%26settings%3DeyJpZCI6NTksInVybCI6Imh0dHA6XC9cL2RqbXNvdW5kLmVzXC93cC1jb250ZW50XC91cGxvYWRzXC8yMDI1XC8wNVwvQm9kYXNfMjEtMDktMjAyNC01Mi1zY2FsZWQtMS5qcGciLCJzbGlkZXNob3ciOiI5MWQ1NmQyIn0%3D\"><br \/>\n\t\t\t\t\t\t\t\t\t\t\t\t\t\t<\/a><br \/>\n\t\t\t\t\t\t\t<a href=\"http:\/\/djmsound.es\/var\/www\/vhosts\/djmsound.eshttpdocs\/wp-content\/uploads\/2025\/05\/Bodas_21-09-2024-60-scaled-1.jpg\" data-elementor-open-lightbox=\"yes\" data-elementor-lightbox-slideshow=\"91d56d2\" data-elementor-lightbox-title=\"Bodas_21-09-2024-60-scaled.jpg\" data-e-action-hash=\"#elementor-action%3Aaction%3Dlightbox%26settings%3DeyJpZCI6NjAsInVybCI6Imh0dHA6XC9cL2RqbXNvdW5kLmVzXC93cC1jb250ZW50XC91cGxvYWRzXC8yMDI1XC8wNVwvQm9kYXNfMjEtMDktMjAyNC02MC1zY2FsZWQtMS5qcGciLCJzbGlkZXNob3ciOiI5MWQ1NmQyIn0%3D\"><br \/>\n\t\t\t\t\t\t\t\t\t\t\t\t\t\t<\/a><br \/>\n\t\t\t\t\t\t\t<a href=\"http:\/\/djmsound.es\/var\/www\/vhosts\/djmsound.eshttpdocs\/wp-content\/uploads\/2025\/05\/WhatsApp-Image-2024-11-15-at-13.49.35.jpeg\" data-elementor-open-lightbox=\"yes\" data-elementor-lightbox-slideshow=\"91d56d2\" data-elementor-lightbox-title=\"WhatsApp-Image-2024-11-15-at-13.49.35.jpeg\" data-e-action-hash=\"#elementor-action%3Aaction%3Dlightbox%26settings%3DeyJpZCI6NjEsInVybCI6Imh0dHA6XC9cL2RqbXNvdW5kLmVzXC93cC1jb250ZW50XC91cGxvYWRzXC8yMDI1XC8wNVwvV2hhdHNBcHAtSW1hZ2UtMjAyNC0xMS0xNS1hdC0xMy40OS4zNS5qcGVnIiwic2xpZGVzaG93IjoiOTFkNTZkMiJ9\"><br \/>\n\t\t\t\t\t\t\t\t\t\t\t\t\t\t<\/a><br \/>\n\t\t\t\t\t\t\t<a href=\"http:\/\/djmsound.es\/var\/www\/vhosts\/djmsound.eshttpdocs\/wp-content\/uploads\/2025\/05\/Bodas_21-09-2024-62-scaled-1.jpg\" data-elementor-open-lightbox=\"yes\" data-elementor-lightbox-slideshow=\"91d56d2\" data-elementor-lightbox-title=\"Bodas_21-09-2024-62-scaled.jpg\" data-e-action-hash=\"#elementor-action%3Aaction%3Dlightbox%26settings%3DeyJpZCI6NjIsInVybCI6Imh0dHA6XC9cL2RqbXNvdW5kLmVzXC93cC1jb250ZW50XC91cGxvYWRzXC8yMDI1XC8wNVwvQm9kYXNfMjEtMDktMjAyNC02Mi1zY2FsZWQtMS5qcGciLCJzbGlkZXNob3ciOiI5MWQ1NmQyIn0%3D\"><br \/>\n\t\t\t\t\t\t\t\t\t\t\t\t\t\t<\/a><br \/>\n\t\t\t\t\t\t\t<a href=\"http:\/\/djmsound.es\/var\/www\/vhosts\/djmsound.eshttpdocs\/wp-content\/uploads\/2025\/05\/Bodas_21-09-2024-81-scaled-1.jpg\" data-elementor-open-lightbox=\"yes\" data-elementor-lightbox-slideshow=\"91d56d2\" data-elementor-lightbox-title=\"Bodas_21-09-2024-81-scaled.jpg\" data-e-action-hash=\"#elementor-action%3Aaction%3Dlightbox%26settings%3DeyJpZCI6NjMsInVybCI6Imh0dHA6XC9cL2RqbXNvdW5kLmVzXC93cC1jb250ZW50XC91cGxvYWRzXC8yMDI1XC8wNVwvQm9kYXNfMjEtMDktMjAyNC04MS1zY2FsZWQtMS5qcGciLCJzbGlkZXNob3ciOiI5MWQ1NmQyIn0%3D\"><br \/>\n\t\t\t\t\t\t\t\t\t\t\t\t\t\t<\/a><br \/>\n\t\t\t\t\t\t\t<a href=\"http:\/\/djmsound.es\/var\/www\/vhosts\/djmsound.eshttpdocs\/wp-content\/uploads\/2025\/05\/Bodas_21-09-2024-84-scaled-1.jpg\" data-elementor-open-lightbox=\"yes\" data-elementor-lightbox-slideshow=\"91d56d2\" data-elementor-lightbox-title=\"Bodas_21-09-2024-84-scaled.jpg\" data-e-action-hash=\"#elementor-action%3Aaction%3Dlightbox%26settings%3DeyJpZCI6NjQsInVybCI6Imh0dHA6XC9cL2RqbXNvdW5kLmVzXC93cC1jb250ZW50XC91cGxvYWRzXC8yMDI1XC8wNVwvQm9kYXNfMjEtMDktMjAyNC04NC1zY2FsZWQtMS5qcGciLCJzbGlkZXNob3ciOiI5MWQ1NmQyIn0%3D\"><br \/>\n\t\t\t\t\t\t\t\t\t\t\t\t\t\t<\/a><br \/>\n\t\t\t\t\t\t\t<a href=\"http:\/\/djmsound.es\/var\/www\/vhosts\/djmsound.eshttpdocs\/wp-content\/uploads\/2025\/05\/Bodas_21-09-2024-87-scaled-1.jpg\" data-elementor-open-lightbox=\"yes\" data-elementor-lightbox-slideshow=\"91d56d2\" data-elementor-lightbox-title=\"Bodas_21-09-2024-87-scaled.jpg\" data-e-action-hash=\"#elementor-action%3Aaction%3Dlightbox%26settings%3DeyJpZCI6NjUsInVybCI6Imh0dHA6XC9cL2RqbXNvdW5kLmVzXC93cC1jb250ZW50XC91cGxvYWRzXC8yMDI1XC8wNVwvQm9kYXNfMjEtMDktMjAyNC04Ny1zY2FsZWQtMS5qcGciLCJzbGlkZXNob3ciOiI5MWQ1NmQyIn0%3D\"><br \/>\n\t\t\t\t\t\t\t\t\t\t\t\t\t\t<\/a><br \/>\n\t\t\t\t\t\t\t<a href=\"http:\/\/djmsound.es\/var\/www\/vhosts\/djmsound.eshttpdocs\/wp-content\/uploads\/2025\/05\/Bodas_21-09-2024-95-scaled-1.jpg\" data-elementor-open-lightbox=\"yes\" data-elementor-lightbox-slideshow=\"91d56d2\" data-elementor-lightbox-title=\"Bodas_21-09-2024-95-scaled.jpg\" data-e-action-hash=\"#elementor-action%3Aaction%3Dlightbox%26settings%3DeyJpZCI6NjYsInVybCI6Imh0dHA6XC9cL2RqbXNvdW5kLmVzXC93cC1jb250ZW50XC91cGxvYWRzXC8yMDI1XC8wNVwvQm9kYXNfMjEtMDktMjAyNC05NS1zY2FsZWQtMS5qcGciLCJzbGlkZXNob3ciOiI5MWQ1NmQyIn0%3D\"><br \/>\n\t\t\t\t\t\t\t\t\t\t\t\t\t\t<\/a><br \/>\n\t\t\t\t\t\t\t<a href=\"http:\/\/djmsound.es\/var\/www\/vhosts\/djmsound.eshttpdocs\/wp-content\/uploads\/2025\/05\/WhatsApp-Image-2024-11-15-at-13.49.35-1.jpeg\" data-elementor-open-lightbox=\"yes\" data-elementor-lightbox-slideshow=\"91d56d2\" data-elementor-lightbox-title=\"WhatsApp-Image-2024-11-15-at-13.49.35-1.jpeg\" data-e-action-hash=\"#elementor-action%3Aaction%3Dlightbox%26settings%3DeyJpZCI6NjcsInVybCI6Imh0dHA6XC9cL2RqbXNvdW5kLmVzXC93cC1jb250ZW50XC91cGxvYWRzXC8yMDI1XC8wNVwvV2hhdHNBcHAtSW1hZ2UtMjAyNC0xMS0xNS1hdC0xMy40OS4zNS0xLmpwZWciLCJzbGlkZXNob3ciOiI5MWQ1NmQyIn0%3D\"><br \/>\n\t\t\t\t\t\t\t\t\t\t\t\t\t\t<\/a><br \/>\n\t\t\t\t\t\t\t<a href=\"http:\/\/djmsound.es\/var\/www\/vhosts\/djmsound.eshttpdocs\/wp-content\/uploads\/2025\/05\/WhatsApp-Image-2024-08-13-at-21.24.46-1-1.jpeg\" data-elementor-open-lightbox=\"yes\" data-elementor-lightbox-slideshow=\"91d56d2\" data-elementor-lightbox-title=\"WhatsApp-Image-2024-08-13-at-21.24.46-1-1.jpeg\" data-e-action-hash=\"#elementor-action%3Aaction%3Dlightbox%26settings%3DeyJpZCI6NjgsInVybCI6Imh0dHA6XC9cL2RqbXNvdW5kLmVzXC93cC1jb250ZW50XC91cGxvYWRzXC8yMDI1XC8wNVwvV2hhdHNBcHAtSW1hZ2UtMjAyNC0wOC0xMy1hdC0yMS4yNC40Ni0xLTEuanBlZyIsInNsaWRlc2hvdyI6IjkxZDU2ZDIifQ%3D%3D\"><br \/>\n\t\t\t\t\t\t\t\t\t\t\t\t\t\t<\/a><\/p>\n","protected":false},"excerpt":{"rendered":"<p>Galeria de imagenes Capturando mejores momentos Nos enorgullece ser testigos y crear recuerdos inolvidables en cada celebraci\u00f3n. \u00a1Revive esos instantes especiales y d\u00e9jate llevar por la emoci\u00f3n a trav\u00e9s de estas im\u00e1genes que capturan la esencia de los buenos momentos<\/p>\n","protected":false},"author":3,"featured_media":0,"parent":0,"menu_order":0,"comment_status":"closed","ping_status":"open","template":"","meta":{"footnotes":""},"class_list":["post-269","page","type-page","status-publish","hentry"],"yoast_head":"<!-- This site is optimized with the Yoast SEO plugin v25.7 - https:\/\/yoast.com\/wordpress\/plugins\/seo\/ -->\n<title>Galer\u00eda - djmsound<\/title>\n<meta name=\"robots\" content=\"noindex, follow\" \/>\n<meta property=\"og:locale\" content=\"es_ES\" \/>\n<meta property=\"og:type\" content=\"article\" \/>\n<meta property=\"og:title\" content=\"Galer\u00eda - djmsound\" \/>\n<meta property=\"og:description\" content=\"Galeria de imagenes Capturando mejores momentos Nos enorgullece ser testigos y crear recuerdos inolvidables en cada celebraci\u00f3n. \u00a1Revive esos instantes especiales y d\u00e9jate llevar por la emoci\u00f3n a trav\u00e9s de estas im\u00e1genes que capturan la esencia de los buenos momentos\" \/>\n<meta property=\"og:url\" content=\"https:\/\/djmsound.es\/galeria\/\" \/>\n<meta property=\"og:site_name\" content=\"djmsound\" \/>\n<meta property=\"article:modified_time\" content=\"2025-05-17T21:19:38+00:00\" \/>\n<meta name=\"twitter:card\" content=\"summary_large_image\" \/>\n<meta name=\"twitter:label1\" content=\"Tiempo de lectura\" \/>\n\t<meta name=\"twitter:data1\" content=\"1 minuto\" \/>\n<script type=\"application\/ld+json\" class=\"yoast-schema-graph\">{\"@context\":\"https:\/\/schema.org\",\"@graph\":[{\"@type\":\"WebPage\",\"@id\":\"https:\/\/djmsound.es\/galeria\/\",\"url\":\"https:\/\/djmsound.es\/galeria\/\",\"name\":\"Galer\u00eda - djmsound\",\"isPartOf\":{\"@id\":\"https:\/\/djmsound.es\/#website\"},\"datePublished\":\"2025-05-17T20:51:38+00:00\",\"dateModified\":\"2025-05-17T21:19:38+00:00\",\"breadcrumb\":{\"@id\":\"https:\/\/djmsound.es\/galeria\/#breadcrumb\"},\"inLanguage\":\"es\",\"potentialAction\":[{\"@type\":\"ReadAction\",\"target\":[\"https:\/\/djmsound.es\/galeria\/\"]}]},{\"@type\":\"BreadcrumbList\",\"@id\":\"https:\/\/djmsound.es\/galeria\/#breadcrumb\",\"itemListElement\":[{\"@type\":\"ListItem\",\"position\":1,\"name\":\"Portada\",\"item\":\"https:\/\/djmsound.es\/\"},{\"@type\":\"ListItem\",\"position\":2,\"name\":\"Galer\u00eda\"}]},{\"@type\":\"WebSite\",\"@id\":\"https:\/\/djmsound.es\/#website\",\"url\":\"https:\/\/djmsound.es\/\",\"name\":\"djmsound\",\"description\":\"\",\"potentialAction\":[{\"@type\":\"SearchAction\",\"target\":{\"@type\":\"EntryPoint\",\"urlTemplate\":\"https:\/\/djmsound.es\/?s={search_term_string}\"},\"query-input\":{\"@type\":\"PropertyValueSpecification\",\"valueRequired\":true,\"valueName\":\"search_term_string\"}}],\"inLanguage\":\"es\"}]}<\/script>\n<!-- \/ Yoast SEO plugin. -->","yoast_head_json":{"title":"Galer\u00eda - djmsound","robots":{"index":"noindex","follow":"follow"},"og_locale":"es_ES","og_type":"article","og_title":"Galer\u00eda - djmsound","og_description":"Galeria de imagenes Capturando mejores momentos Nos enorgullece ser testigos y crear recuerdos inolvidables en cada celebraci\u00f3n. \u00a1Revive esos instantes especiales y d\u00e9jate llevar por la emoci\u00f3n a trav\u00e9s de estas im\u00e1genes que capturan la esencia de los buenos momentos","og_url":"https:\/\/djmsound.es\/galeria\/","og_site_name":"djmsound","article_modified_time":"2025-05-17T21:19:38+00:00","twitter_card":"summary_large_image","twitter_misc":{"Tiempo de lectura":"1 minuto"},"schema":{"@context":"https:\/\/schema.org","@graph":[{"@type":"WebPage","@id":"https:\/\/djmsound.es\/galeria\/","url":"https:\/\/djmsound.es\/galeria\/","name":"Galer\u00eda - djmsound","isPartOf":{"@id":"https:\/\/djmsound.es\/#website"},"datePublished":"2025-05-17T20:51:38+00:00","dateModified":"2025-05-17T21:19:38+00:00","breadcrumb":{"@id":"https:\/\/djmsound.es\/galeria\/#breadcrumb"},"inLanguage":"es","potentialAction":[{"@type":"ReadAction","target":["https:\/\/djmsound.es\/galeria\/"]}]},{"@type":"BreadcrumbList","@id":"https:\/\/djmsound.es\/galeria\/#breadcrumb","itemListElement":[{"@type":"ListItem","position":1,"name":"Portada","item":"https:\/\/djmsound.es\/"},{"@type":"ListItem","position":2,"name":"Galer\u00eda"}]},{"@type":"WebSite","@id":"https:\/\/djmsound.es\/#website","url":"https:\/\/djmsound.es\/","name":"djmsound","description":"","potentialAction":[{"@type":"SearchAction","target":{"@type":"EntryPoint","urlTemplate":"https:\/\/djmsound.es\/?s={search_term_string}"},"query-input":{"@type":"PropertyValueSpecification","valueRequired":true,"valueName":"search_term_string"}}],"inLanguage":"es"}]}},"_links":{"self":[{"href":"https:\/\/djmsound.es\/var\/www\/vhosts\/djmsound.eshttpdocs\/wp-json\/wp\/v2\/pages\/269","targetHints":{"allow":["GET"]}}],"collection":[{"href":"https:\/\/djmsound.es\/var\/www\/vhosts\/djmsound.eshttpdocs\/wp-json\/wp\/v2\/pages"}],"about":[{"href":"https:\/\/djmsound.es\/var\/www\/vhosts\/djmsound.eshttpdocs\/wp-json\/wp\/v2\/types\/page"}],"author":[{"embeddable":true,"href":"https:\/\/djmsound.es\/var\/www\/vhosts\/djmsound.eshttpdocs\/wp-json\/wp\/v2\/users\/3"}],"replies":[{"embeddable":true,"href":"https:\/\/djmsound.es\/var\/www\/vhosts\/djmsound.eshttpdocs\/wp-json\/wp\/v2\/comments?post=269"}],"version-history":[{"count":10,"href":"https:\/\/djmsound.es\/var\/www\/vhosts\/djmsound.eshttpdocs\/wp-json\/wp\/v2\/pages\/269\/revisions"}],"predecessor-version":[{"id":279,"href":"https:\/\/djmsound.es\/var\/www\/vhosts\/djmsound.eshttpdocs\/wp-json\/wp\/v2\/pages\/269\/revisions\/279"}],"wp:attachment":[{"href":"https:\/\/djmsound.es\/var\/www\/vhosts\/djmsound.eshttpdocs\/wp-json\/wp\/v2\/media?parent=269"}],"curies":[{"name":"wp","href":"https:\/\/api.w.org\/{rel}","templated":true}]}}