{"id":217,"date":"2025-05-17T17:10:32","date_gmt":"2025-05-17T17:10:32","guid":{"rendered":"https:\/\/djmsound.es\/?page_id=217"},"modified":"2025-09-25T14:52:29","modified_gmt":"2025-09-25T14:52:29","slug":"contacto-con-organizadores-de-eventos-en-valencia","status":"publish","type":"page","link":"https:\/\/djmsound.es\/var\/www\/vhosts\/djmsound.eshttpdocs\/contacto-con-organizadores-de-eventos-en-valencia\/","title":{"rendered":"Contacto"},"content":{"rendered":"<p><img loading=\"lazy\" decoding=\"async\" width=\"512\" height=\"512\" src=\"http:\/\/djmsound.es\/var\/www\/vhosts\/djmsound.eshttpdocs\/wp-content\/uploads\/2025\/05\/cropped-SM-7.png\" alt=\"Contacto con organizadores de eventos en Valencia\" srcset=\"https:\/\/djmsound.es\/wp-content\/uploads\/2025\/05\/cropped-SM-7.png 512w, https:\/\/djmsound.es\/wp-content\/uploads\/2025\/05\/cropped-SM-7-300x300.png 300w, https:\/\/djmsound.es\/wp-content\/uploads\/2025\/05\/cropped-SM-7-150x150.png 150w, https:\/\/djmsound.es\/wp-content\/uploads\/2025\/05\/cropped-SM-7-270x270.png 270w, https:\/\/djmsound.es\/wp-content\/uploads\/2025\/05\/cropped-SM-7-192x192.png 192w, https:\/\/djmsound.es\/wp-content\/uploads\/2025\/05\/cropped-SM-7-180x180.png 180w, https:\/\/djmsound.es\/wp-content\/uploads\/2025\/05\/cropped-SM-7-32x32.png 32w\" sizes=\"auto, (max-width: 512px) 100vw, 512px\" \/>\t\t\t\t\t\t\t\t\t\t\t\t\t\t\t<\/p>\n<h2>Haz Contacto con nosotros<\/h2>\n<h2>Contacto con organizadores de eventos en Valencia<\/h2>\n<p>Haz Contacto con organizadores de eventos en Valencia y te informaremos sin ning\u00fan compromiso sobre todos los detalles acerca de nuestros servicios y como podemos adaptarlos para hacer de tu evento un momento inolvidable.<\/p>\n<h3>\n\t\t\t\t\t\t\tTelefonos<br \/>\n\t\t\t\t\t<\/h3>\n<p>\n\t\t\t\t\t\t639 03 79 33<br \/>960 83 99 00 \t\t\t\t\t<\/p>\n<h3>\n\t\t\t\t\t\t\tCorreo<br \/>\n\t\t\t\t\t<\/h3>\n<p>\n\t\t\t\t\t\tinfo@soundmusic.es\t\t\t\t\t<\/p>\n<p>\t\t\t\t\t<a href=\"https:\/\/soundmusic.es\/formulario\/\"><br \/>\n\t\t\t\t\t\t\t\t\tSOLICITA TU PRESUPUESTO<br \/>\n\t\t\t\t\t<\/a><\/p>\n<h3>\n\t\t\t\t\t\t\tDirecci\u00f3n<br \/>\n\t\t\t\t\t<\/h3>\n<p>\n\t\t\t\t\t\tC\/Sant Nicolau de Bari 10b<br \/>\nAlgemes\u00ed (Valencia)\t\t\t\t\t<\/p>\n<h2>Siguenos en<\/h2>\n<h2>Env\u00edanos tus preguntas<\/h2>\n<p>\t\t\t\t\t<a href=\"https:\/\/www.instagram.com\/soundmusic.es\/\" target=\"_blank\"><br \/>\n\t\t\t\t\t\tInstagram<br \/>\n\t\t\t\t\t\t<svg viewBox=\"0 0 448 512\" xmlns=\"http:\/\/www.w3.org\/2000\/svg\"><path d=\"M224.1 141c-63.6 0-114.9 51.3-114.9 114.9s51.3 114.9 114.9 114.9S339 319.5 339 255.9 287.7 141 224.1 141zm0 189.6c-41.1 0-74.7-33.5-74.7-74.7s33.5-74.7 74.7-74.7 74.7 33.5 74.7 74.7-33.6 74.7-74.7 74.7zm146.4-194.3c0 14.9-12 26.8-26.8 26.8-14.9 0-26.8-12-26.8-26.8s12-26.8 26.8-26.8 26.8 12 26.8 26.8zm76.1 27.2c-1.7-35.9-9.9-67.7-36.2-93.9-26.2-26.2-58-34.4-93.9-36.2-37-2.1-147.9-2.1-184.9 0-35.8 1.7-67.6 9.9-93.9 36.1s-34.4 58-36.2 93.9c-2.1 37-2.1 147.9 0 184.9 1.7 35.9 9.9 67.7 36.2 93.9s58 34.4 93.9 36.2c37 2.1 147.9 2.1 184.9 0 35.9-1.7 67.7-9.9 93.9-36.2 26.2-26.2 34.4-58 36.2-93.9 2.1-37 2.1-147.8 0-184.8zM398.8 388c-7.8 19.6-22.9 34.7-42.6 42.6-29.5 11.7-99.5 9-132.1 9s-102.7 2.6-132.1-9c-19.6-7.8-34.7-22.9-42.6-42.6-11.7-29.5-9-99.5-9-132.1s-2.6-102.7 9-132.1c7.8-19.6 22.9-34.7 42.6-42.6 29.5-11.7 99.5-9 132.1-9s102.7-2.6 132.1 9c19.6 7.8 34.7 22.9 42.6 42.6 11.7 29.5 9 99.5 9 132.1s2.7 102.7-9 132.1z\"><\/path><\/svg>\t\t\t\t\t<\/a><br \/>\n\t\t\t\t\t<a href=\"https:\/\/www.facebook.com\/DiscomovilesSoundMusicAlgemesi\" target=\"_blank\"><br \/>\n\t\t\t\t\t\tFacebook<br \/>\n\t\t\t\t\t\t<svg viewBox=\"0 0 512 512\" xmlns=\"http:\/\/www.w3.org\/2000\/svg\"><path d=\"M504 256C504 119 393 8 256 8S8 119 8 256c0 123.78 90.69 226.38 209.25 245V327.69h-63V256h63v-54.64c0-62.15 37-96.48 93.67-96.48 27.14 0 55.52 4.84 55.52 4.84v61h-31.28c-30.8 0-40.41 19.12-40.41 38.73V256h68.78l-11 71.69h-57.78V501C413.31 482.38 504 379.78 504 256z\"><\/path><\/svg>\t\t\t\t\t<\/a><br \/>\n\t\t\t\t\t<a href=\"https:\/\/www.bodas.net\/musica\/sound-music-events--e105138\" target=\"_blank\"><br \/>\n\t\t\t\t\t\tHeart<br \/>\n\t\t\t\t\t\t<svg viewBox=\"0 0 512 512\" xmlns=\"http:\/\/www.w3.org\/2000\/svg\"><path d=\"M458.4 64.3C400.6 15.7 311.3 23 256 79.3 200.7 23 111.4 15.6 53.6 64.3-21.6 127.6-10.6 230.8 43 285.5l175.4 178.7c10 10.2 23.4 15.9 37.6 15.9 14.3 0 27.6-5.6 37.6-15.8L469 285.6c53.5-54.7 64.7-157.9-10.6-221.3zm-23.6 187.5L259.4 430.5c-2.4 2.4-4.4 2.4-6.8 0L77.2 251.8c-36.5-37.2-43.9-107.6 7.3-150.7 38.9-32.7 98.9-27.8 136.5 10.5l35 35.7 35-35.7c37.8-38.5 97.8-43.2 136.5-10.6 51.1 43.1 43.5 113.9 7.3 150.8z\"><\/path><\/svg>\t\t\t\t\t<\/a><br \/>\n\t\t\t<iframe loading=\"lazy\"\n\t\t\t\t\tsrc=\"https:\/\/maps.google.com\/maps?q=C%2FSant%20nicolau%20de%20bari%2010%20bajo%20Algemes%C3%AD%20%28Valencia%29&#038;t=m&#038;z=13&#038;output=embed&#038;iwloc=near\"\n\t\t\t\t\ttitle=\"C\/Sant nicolau de bari 10 bajo Algemes\u00ed (Valencia)\"\n\t\t\t\t\taria-label=\"C\/Sant nicolau de bari 10 bajo Algemes\u00ed (Valencia)\"\n\t\t\t><\/iframe><\/p>\n<h2>\u00bfPor qu\u00e9 hacer Contacto con organizadores de eventos en Valencia?<\/h2>\n<p>Entendemos que la planificaci\u00f3n de un evento exitoso en Valencia, ya sea una boda de ensue\u00f1o o un evento corporativo impactante, requiere tiempo y una dedicaci\u00f3n meticulosa a cada detalle.<\/p>\n<p>Al ponerte en contacto con nosotros, te liberas del estr\u00e9s y la complejidad de la organizaci\u00f3n, Conf\u00eda en un equipo de profesionales apasionados por hacer realidad tu visi\u00f3n.<\/p>\n<p>Nos dedicamos a escuchar tus ideas, comprender tus necesidades y trabajar en estrecha colaboraci\u00f3n contigo. Podemos crear un evento que supere tus expectativas y deje una impresi\u00f3n duradera en tus invitados.<\/p>\n<p>Desde la b\u00fasqueda del lugar perfecto en Valencia hasta la coordinaci\u00f3n impecable de la log\u00edstica, el dise\u00f1o y la ejecuci\u00f3n, nosotros nos encargamos de cada aspecto.<\/p>\n<p>No importa la magnitud o la complejidad de tu evento. Estamos comprometidos a hacer que el proceso de planificaci\u00f3n sea fluido y, sobre todo, exitoso.<\/p>\n<p>\u00a1Haz Contacto con organizadores de eventos en Valencia hoy mismo! \u00a1Perm\u00edtenos convertir tu pr\u00f3xima celebraci\u00f3n en un momento verdaderamente memorable en Valencia!<\/p>\n<h2>NUESTROS SERVICIOS<\/h2>\n<h2>Nos adaptamos a tus necesidades y eventos espec\u00edficos<\/h2>\n<p>Desde emocionantes discos m\u00f3viles y vibrantes servicios de DJ hasta elegantes bodas con estilo y animadas fiestas en barco, aqu\u00ed encontrar\u00e1s la combinaci\u00f3n perfecta de m\u00fasica y entretenimiento para crear momentos inolvidables.<\/p>\n<p>\t\t\t\t<svg aria-hidden=\"true\" viewBox=\"0 0 616 512\" xmlns=\"http:\/\/www.w3.org\/2000\/svg\"><path d=\"M602 118.6L537.1 15C531.3 5.7 521 0 510 0H106C95 0 84.7 5.7 78.9 15L14 118.6c-33.5 53.5-3.8 127.9 58.8 136.4 4.5.6 9.1.9 13.7.9 29.6 0 55.8-13 73.8-33.1 18 20.1 44.3 33.1 73.8 33.1 29.6 0 55.8-13 73.8-33.1 18 20.1 44.3 33.1 73.8 33.1 29.6 0 55.8-13 73.8-33.1 18.1 20.1 44.3 33.1 73.8 33.1 4.7 0 9.2-.3 13.7-.9 62.8-8.4 92.6-82.8 59-136.4zM529.5 288c-10 0-19.9-1.5-29.5-3.8V384H116v-99.8c-9.6 2.2-19.5 3.8-29.5 3.8-6 0-12.1-.4-18-1.2-5.6-.8-11.1-2.1-16.4-3.6V480c0 17.7 14.3 32 32 32h448c17.7 0 32-14.3 32-32V283.2c-5.4 1.6-10.8 2.9-16.4 3.6-6.1.8-12.1 1.2-18.2 1.2z\"><\/path><\/svg>\t\t\t\t<\/p>\n<h3>\n\t\t\t\t\t\t\tDiscomovil<br \/>\n\t\t\t\t\t<\/h3>\n<p>\n\t\t\t\t\t\tRitmo, luces y diversi\u00f3n en movimiento para tu fiesta inolvidable.\t\t\t\t\t<\/p>\n<p>\t\t\t\t<svg aria-hidden=\"true\" viewBox=\"0 0 512 512\" xmlns=\"http:\/\/www.w3.org\/2000\/svg\"><path d=\"M192 208c0-17.67-14.33-32-32-32h-16c-35.35 0-64 28.65-64 64v48c0 35.35 28.65 64 64 64h16c17.67 0 32-14.33 32-32V208zm176 144c35.35 0 64-28.65 64-64v-48c0-35.35-28.65-64-64-64h-16c-17.67 0-32 14.33-32 32v112c0 17.67 14.33 32 32 32h16zM256 0C113.18 0 4.58 118.83 0 256v16c0 8.84 7.16 16 16 16h16c8.84 0 16-7.16 16-16v-16c0-114.69 93.31-208 208-208s208 93.31 208 208h-.12c.08 2.43.12 165.72.12 165.72 0 23.35-18.93 42.28-42.28 42.28H320c0-26.51-21.49-48-48-48h-32c-26.51 0-48 21.49-48 48s21.49 48 48 48h181.72c49.86 0 90.28-40.42 90.28-90.28V256C507.42 118.83 398.82 0 256 0z\"><\/path><\/svg>\t\t\t\t<\/p>\n<h3>\n\t\t\t\t\t\t\tSet DJ<br \/>\n\t\t\t\t\t<\/h3>\n<p>\n\t\t\t\t\t\t Elige al DJ perfecto para ponerle el ritmo perfecto a tu evento.\t\t\t\t\t<\/p>\n<p>\t\t\t\t<svg aria-hidden=\"true\" viewBox=\"0 0 640 512\" xmlns=\"http:\/\/www.w3.org\/2000\/svg\"><path d=\"M496.616 372.639l70.012-70.012c16.899-16.9 9.942-45.771-12.836-53.092L512 236.102V96c0-17.673-14.327-32-32-32h-64V24c0-13.255-10.745-24-24-24H248c-13.255 0-24 10.745-24 24v40h-64c-17.673 0-32 14.327-32 32v140.102l-41.792 13.433c-22.753 7.313-29.754 36.173-12.836 53.092l70.012 70.012C125.828 416.287 85.587 448 24 448c-13.255 0-24 10.745-24 24v16c0 13.255 10.745 24 24 24 61.023 0 107.499-20.61 143.258-59.396C181.677 487.432 216.021 512 256 512h128c39.979 0 74.323-24.568 88.742-59.396C508.495 491.384 554.968 512 616 512c13.255 0 24-10.745 24-24v-16c0-13.255-10.745-24-24-24-60.817 0-101.542-31.001-119.384-75.361zM192 128h256v87.531l-118.208-37.995a31.995 31.995 0 0 0-19.584 0L192 215.531V128z\"><\/path><\/svg>\t\t\t\t<\/p>\n<h3>\n\t\t\t\t\t\t\tBoat party<br \/>\n\t\t\t\t\t<\/h3>\n<p>\n\t\t\t\t\t\tCelebra en alta mar con m\u00fasica vibrante y vistas panor\u00e1micas inigualables.\t\t\t\t\t<\/p>\n<p>\t\t\t\t<svg aria-hidden=\"true\" viewBox=\"0 0 512 512\" xmlns=\"http:\/\/www.w3.org\/2000\/svg\"><path d=\"M223.75 130.75L154.62 15.54A31.997 31.997 0 0 0 127.18 0H16.03C3.08 0-4.5 14.57 2.92 25.18l111.27 158.96c29.72-27.77 67.52-46.83 109.56-53.39zM495.97 0H384.82c-11.24 0-21.66 5.9-27.44 15.54l-69.13 115.21c42.04 6.56 79.84 25.62 109.56 53.38L509.08 25.18C516.5 14.57 508.92 0 495.97 0zM256 160c-97.2 0-176 78.8-176 176s78.8 176 176 176 176-78.8 176-176-78.8-176-176-176zm92.52 157.26l-37.93 36.96 8.97 52.22c1.6 9.36-8.26 16.51-16.65 12.09L256 393.88l-46.9 24.65c-8.4 4.45-18.25-2.74-16.65-12.09l8.97-52.22-37.93-36.96c-6.82-6.64-3.05-18.23 6.35-19.59l52.43-7.64 23.43-47.52c2.11-4.28 6.19-6.39 10.28-6.39 4.11 0 8.22 2.14 10.33 6.39l23.43 47.52 52.43 7.64c9.4 1.36 13.17 12.95 6.35 19.59z\"><\/path><\/svg>\t\t\t\t<\/p>\n<h3>\n\t\t\t\t\t\t\tSonorizacion de eventos<br \/>\n\t\t\t\t\t<\/h3>\n<p>\n\t\t\t\t\t\tSum\u00e9rgete en la emoci\u00f3n de las carreras con un sonido envolvente y potente.\t\t\t\t\t<\/p>\n<p>\t\t\t\t<svg aria-hidden=\"true\" viewBox=\"0 0 640 512\" xmlns=\"http:\/\/www.w3.org\/2000\/svg\"><path d=\"M96 224c35.3 0 64-28.7 64-64s-28.7-64-64-64-64 28.7-64 64 28.7 64 64 64zm448 0c35.3 0 64-28.7 64-64s-28.7-64-64-64-64 28.7-64 64 28.7 64 64 64zm32 32h-64c-17.6 0-33.5 7.1-45.1 18.6 40.3 22.1 68.9 62 75.1 109.4h66c17.7 0 32-14.3 32-32v-32c0-35.3-28.7-64-64-64zm-256 0c61.9 0 112-50.1 112-112S381.9 32 320 32 208 82.1 208 144s50.1 112 112 112zm76.8 32h-8.3c-20.8 10-43.9 16-68.5 16s-47.6-6-68.5-16h-8.3C179.6 288 128 339.6 128 403.2V432c0 26.5 21.5 48 48 48h288c26.5 0 48-21.5 48-48v-28.8c0-63.6-51.6-115.2-115.2-115.2zm-223.7-13.4C161.5 263.1 145.6 256 128 256H64c-35.3 0-64 28.7-64 64v32c0 17.7 14.3 32 32 32h65.9c6.3-47.4 34.9-87.3 75.2-109.4z\"><\/path><\/svg>\t\t\t\t<\/p>\n<h3>\n\t\t\t\t\t\t\tEventos corporativos<br \/>\n\t\t\t\t\t<\/h3>\n<p>\n\t\t\t\t\t\tOfrecemos soluciones innovadoras y personalizadas para satisfacer las necesidades de nuestros clientes. Con un equipo de expertos dedicados y una pasi\u00f3n por la excelencia\t\t\t\t\t<\/p>\n<p>\t\t\t\t<svg aria-hidden=\"true\" viewBox=\"0 0 640 512\" xmlns=\"http:\/\/www.w3.org\/2000\/svg\"><path d=\"M464.46 246.68L352 179.2V128h48c8.84 0 16-7.16 16-16V80c0-8.84-7.16-16-16-16h-48V16c0-8.84-7.16-16-16-16h-32c-8.84 0-16 7.16-16 16v48h-48c-8.84 0-16 7.16-16 16v32c0 8.84 7.16 16 16 16h48v51.2l-112.46 67.48A31.997 31.997 0 0 0 160 274.12V512h96v-96c0-35.35 28.65-64 64-64s64 28.65 64 64v96h96V274.12c0-11.24-5.9-21.66-15.54-27.44zM0 395.96V496c0 8.84 7.16 16 16 16h112V320L19.39 366.54A32.024 32.024 0 0 0 0 395.96zm620.61-29.42L512 320v192h112c8.84 0 16-7.16 16-16V395.96c0-12.8-7.63-24.37-19.39-29.42z\"><\/path><\/svg>\t\t\t\t<\/p>\n<h3>\n\t\t\t\t\t\t\tBodas con estilo<br \/>\n\t\t\t\t\t<\/h3>\n<p>\n\t\t\t\t\t\tHacemos  que tu boda sea un evento elegante y memorable con m\u00fasica que refleje tu amor.\t\t\t\t\t<\/p>\n","protected":false},"excerpt":{"rendered":"<p>Haz Contacto con nosotros Contacto con organizadores de eventos en Valencia Haz Contacto con organizadores de eventos en Valencia y te informaremos sin ning\u00fan compromiso sobre todos los detalles acerca de nuestros servicios y como podemos adaptarlos para hacer de tu evento un momento inolvidable. Telefonos 639 03 79 33960 83 99 00 Correo info@soundmusic.es [&hellip;]<\/p>\n","protected":false},"author":3,"featured_media":0,"parent":0,"menu_order":0,"comment_status":"closed","ping_status":"open","template":"","meta":{"footnotes":""},"class_list":["post-217","page","type-page","status-publish","hentry"],"yoast_head":"<!-- This site is optimized with the Yoast SEO plugin v25.7 - https:\/\/yoast.com\/wordpress\/plugins\/seo\/ -->\n<title>Contacto con organizadores de eventos en Valencia<\/title>\n<meta name=\"description\" content=\"Contacto con organizadores de eventos en Valencia. Llamanos o completa el formulario para tu fiesta o evento corporativo.\" \/>\n<meta name=\"robots\" content=\"index, nofollow, max-snippet:-1, max-image-preview:large, max-video-preview:-1\" \/>\n<link rel=\"canonical\" href=\"https:\/\/djmsound.es\/contacto-con-organizadores-de-eventos-en-valencia\/\" \/>\n<meta property=\"og:locale\" content=\"es_ES\" \/>\n<meta property=\"og:type\" content=\"article\" \/>\n<meta property=\"og:title\" content=\"Contacto con organizadores de eventos en Valencia\" \/>\n<meta property=\"og:description\" content=\"Contacto con organizadores de eventos en Valencia. Llamanos o completa el formulario para tu fiesta o evento corporativo.\" \/>\n<meta property=\"og:url\" content=\"https:\/\/djmsound.es\/contacto-con-organizadores-de-eventos-en-valencia\/\" \/>\n<meta property=\"og:site_name\" content=\"djmsound\" \/>\n<meta property=\"article:modified_time\" content=\"2025-09-25T14:52:29+00:00\" \/>\n<meta property=\"og:image\" content=\"http:\/\/djmsound.es\/var\/www\/vhosts\/djmsound.eshttpdocs\/wp-content\/uploads\/2025\/05\/cropped-SM-7.png\" \/>\n<meta name=\"twitter:card\" content=\"summary_large_image\" \/>\n<meta name=\"twitter:label1\" content=\"Tiempo de lectura\" \/>\n\t<meta name=\"twitter:data1\" content=\"2 minutos\" \/>\n<script type=\"application\/ld+json\" class=\"yoast-schema-graph\">{\"@context\":\"https:\/\/schema.org\",\"@graph\":[{\"@type\":\"WebPage\",\"@id\":\"https:\/\/djmsound.es\/contacto-con-organizadores-de-eventos-en-valencia\/\",\"url\":\"https:\/\/djmsound.es\/contacto-con-organizadores-de-eventos-en-valencia\/\",\"name\":\"Contacto con organizadores de eventos en Valencia\",\"isPartOf\":{\"@id\":\"https:\/\/djmsound.es\/#website\"},\"primaryImageOfPage\":{\"@id\":\"https:\/\/djmsound.es\/contacto-con-organizadores-de-eventos-en-valencia\/#primaryimage\"},\"image\":{\"@id\":\"https:\/\/djmsound.es\/contacto-con-organizadores-de-eventos-en-valencia\/#primaryimage\"},\"thumbnailUrl\":\"http:\/\/djmsound.es\/var\/www\/vhosts\/djmsound.eshttpdocs\/wp-content\/uploads\/2025\/05\/cropped-SM-7.png\",\"datePublished\":\"2025-05-17T17:10:32+00:00\",\"dateModified\":\"2025-09-25T14:52:29+00:00\",\"description\":\"Contacto con organizadores de eventos en Valencia. Llamanos o completa el formulario para tu fiesta o evento corporativo.\",\"breadcrumb\":{\"@id\":\"https:\/\/djmsound.es\/contacto-con-organizadores-de-eventos-en-valencia\/#breadcrumb\"},\"inLanguage\":\"es\",\"potentialAction\":[{\"@type\":\"ReadAction\",\"target\":[\"https:\/\/djmsound.es\/contacto-con-organizadores-de-eventos-en-valencia\/\"]}]},{\"@type\":\"ImageObject\",\"inLanguage\":\"es\",\"@id\":\"https:\/\/djmsound.es\/contacto-con-organizadores-de-eventos-en-valencia\/#primaryimage\",\"url\":\"http:\/\/djmsound.es\/var\/www\/vhosts\/djmsound.eshttpdocs\/wp-content\/uploads\/2025\/05\/cropped-SM-7.png\",\"contentUrl\":\"http:\/\/djmsound.es\/var\/www\/vhosts\/djmsound.eshttpdocs\/wp-content\/uploads\/2025\/05\/cropped-SM-7.png\"},{\"@type\":\"BreadcrumbList\",\"@id\":\"https:\/\/djmsound.es\/contacto-con-organizadores-de-eventos-en-valencia\/#breadcrumb\",\"itemListElement\":[{\"@type\":\"ListItem\",\"position\":1,\"name\":\"Portada\",\"item\":\"https:\/\/djmsound.es\/\"},{\"@type\":\"ListItem\",\"position\":2,\"name\":\"Contacto\"}]},{\"@type\":\"WebSite\",\"@id\":\"https:\/\/djmsound.es\/#website\",\"url\":\"https:\/\/djmsound.es\/\",\"name\":\"djmsound\",\"description\":\"\",\"potentialAction\":[{\"@type\":\"SearchAction\",\"target\":{\"@type\":\"EntryPoint\",\"urlTemplate\":\"https:\/\/djmsound.es\/?s={search_term_string}\"},\"query-input\":{\"@type\":\"PropertyValueSpecification\",\"valueRequired\":true,\"valueName\":\"search_term_string\"}}],\"inLanguage\":\"es\"}]}<\/script>\n<!-- \/ Yoast SEO plugin. -->","yoast_head_json":{"title":"Contacto con organizadores de eventos en Valencia","description":"Contacto con organizadores de eventos en Valencia. Llamanos o completa el formulario para tu fiesta o evento corporativo.","robots":{"index":"index","follow":"nofollow","max-snippet":"max-snippet:-1","max-image-preview":"max-image-preview:large","max-video-preview":"max-video-preview:-1"},"canonical":"https:\/\/djmsound.es\/contacto-con-organizadores-de-eventos-en-valencia\/","og_locale":"es_ES","og_type":"article","og_title":"Contacto con organizadores de eventos en Valencia","og_description":"Contacto con organizadores de eventos en Valencia. Llamanos o completa el formulario para tu fiesta o evento corporativo.","og_url":"https:\/\/djmsound.es\/contacto-con-organizadores-de-eventos-en-valencia\/","og_site_name":"djmsound","article_modified_time":"2025-09-25T14:52:29+00:00","og_image":[{"url":"http:\/\/djmsound.es\/var\/www\/vhosts\/djmsound.eshttpdocs\/wp-content\/uploads\/2025\/05\/cropped-SM-7.png","type":"","width":"","height":""}],"twitter_card":"summary_large_image","twitter_misc":{"Tiempo de lectura":"2 minutos"},"schema":{"@context":"https:\/\/schema.org","@graph":[{"@type":"WebPage","@id":"https:\/\/djmsound.es\/contacto-con-organizadores-de-eventos-en-valencia\/","url":"https:\/\/djmsound.es\/contacto-con-organizadores-de-eventos-en-valencia\/","name":"Contacto con organizadores de eventos en Valencia","isPartOf":{"@id":"https:\/\/djmsound.es\/#website"},"primaryImageOfPage":{"@id":"https:\/\/djmsound.es\/contacto-con-organizadores-de-eventos-en-valencia\/#primaryimage"},"image":{"@id":"https:\/\/djmsound.es\/contacto-con-organizadores-de-eventos-en-valencia\/#primaryimage"},"thumbnailUrl":"http:\/\/djmsound.es\/var\/www\/vhosts\/djmsound.eshttpdocs\/wp-content\/uploads\/2025\/05\/cropped-SM-7.png","datePublished":"2025-05-17T17:10:32+00:00","dateModified":"2025-09-25T14:52:29+00:00","description":"Contacto con organizadores de eventos en Valencia. Llamanos o completa el formulario para tu fiesta o evento corporativo.","breadcrumb":{"@id":"https:\/\/djmsound.es\/contacto-con-organizadores-de-eventos-en-valencia\/#breadcrumb"},"inLanguage":"es","potentialAction":[{"@type":"ReadAction","target":["https:\/\/djmsound.es\/contacto-con-organizadores-de-eventos-en-valencia\/"]}]},{"@type":"ImageObject","inLanguage":"es","@id":"https:\/\/djmsound.es\/contacto-con-organizadores-de-eventos-en-valencia\/#primaryimage","url":"http:\/\/djmsound.es\/var\/www\/vhosts\/djmsound.eshttpdocs\/wp-content\/uploads\/2025\/05\/cropped-SM-7.png","contentUrl":"http:\/\/djmsound.es\/var\/www\/vhosts\/djmsound.eshttpdocs\/wp-content\/uploads\/2025\/05\/cropped-SM-7.png"},{"@type":"BreadcrumbList","@id":"https:\/\/djmsound.es\/contacto-con-organizadores-de-eventos-en-valencia\/#breadcrumb","itemListElement":[{"@type":"ListItem","position":1,"name":"Portada","item":"https:\/\/djmsound.es\/"},{"@type":"ListItem","position":2,"name":"Contacto"}]},{"@type":"WebSite","@id":"https:\/\/djmsound.es\/#website","url":"https:\/\/djmsound.es\/","name":"djmsound","description":"","potentialAction":[{"@type":"SearchAction","target":{"@type":"EntryPoint","urlTemplate":"https:\/\/djmsound.es\/?s={search_term_string}"},"query-input":{"@type":"PropertyValueSpecification","valueRequired":true,"valueName":"search_term_string"}}],"inLanguage":"es"}]}},"_links":{"self":[{"href":"https:\/\/djmsound.es\/var\/www\/vhosts\/djmsound.eshttpdocs\/wp-json\/wp\/v2\/pages\/217","targetHints":{"allow":["GET"]}}],"collection":[{"href":"https:\/\/djmsound.es\/var\/www\/vhosts\/djmsound.eshttpdocs\/wp-json\/wp\/v2\/pages"}],"about":[{"href":"https:\/\/djmsound.es\/var\/www\/vhosts\/djmsound.eshttpdocs\/wp-json\/wp\/v2\/types\/page"}],"author":[{"embeddable":true,"href":"https:\/\/djmsound.es\/var\/www\/vhosts\/djmsound.eshttpdocs\/wp-json\/wp\/v2\/users\/3"}],"replies":[{"embeddable":true,"href":"https:\/\/djmsound.es\/var\/www\/vhosts\/djmsound.eshttpdocs\/wp-json\/wp\/v2\/comments?post=217"}],"version-history":[{"count":52,"href":"https:\/\/djmsound.es\/var\/www\/vhosts\/djmsound.eshttpdocs\/wp-json\/wp\/v2\/pages\/217\/revisions"}],"predecessor-version":[{"id":407,"href":"https:\/\/djmsound.es\/var\/www\/vhosts\/djmsound.eshttpdocs\/wp-json\/wp\/v2\/pages\/217\/revisions\/407"}],"wp:attachment":[{"href":"https:\/\/djmsound.es\/var\/www\/vhosts\/djmsound.eshttpdocs\/wp-json\/wp\/v2\/media?parent=217"}],"curies":[{"name":"wp","href":"https:\/\/api.w.org\/{rel}","templated":true}]}}